{"id":2,"date":"2018-07-19T09:32:07","date_gmt":"2018-07-19T09:32:07","guid":{"rendered":"http:\/\/pyramidcup.at\/?page_id=2"},"modified":"2021-12-12T18:32:18","modified_gmt":"2021-12-12T17:32:18","slug":"sample-page","status":"publish","type":"page","link":"https:\/\/pyramidcup.at\/?page_id=2","title":{"rendered":"Turnier"},"content":{"rendered":"<p><\/p>\n<h2>Tanzen in einzigartiger Location<\/h2>\n<p>Das Eventhotel Pyramide **** in V\u00f6sendorf bietet eine einzigartige Kulisse f\u00fcr den Austrian Pyramid Cup. Eine\u00a0<strong>42 Meter hohe Glaspyramide<\/strong>\u00a0mit 200 verschiedenen Pflanzen sorgt f\u00fcr tropisches Flair.\u00a0<strong>2.800 m\u00b2<\/strong>\u00a0lassen T\u00e4nzerherzen h\u00f6her schlagen und bieten den optimalen Rahmen f\u00fcr zahlreiche\u00a0nationale und internationale Bewerbe.<\/p>","protected":false},"excerpt":{"rendered":"<p>Tanzen in einzigartiger Location Das Eventhotel Pyramide **** in V\u00f6sendorf bietet eine einzigartige Kulisse f\u00fcr den Austrian Pyramid Cup. Eine\u00a042&hellip; <\/p>\n","protected":false},"author":1,"featured_media":0,"parent":0,"menu_order":0,"comment_status":"closed","ping_status":"closed","template":"","meta":[],"_links":{"self":[{"href":"https:\/\/pyramidcup.at\/index.php?rest_route=\/wp\/v2\/pages\/2"}],"collection":[{"href":"https:\/\/pyramidcup.at\/index.php?rest_route=\/wp\/v2\/pages"}],"about":[{"href":"https:\/\/pyramidcup.at\/index.php?rest_route=\/wp\/v2\/types\/page"}],"author":[{"embeddable":true,"href":"https:\/\/pyramidcup.at\/index.php?rest_route=\/wp\/v2\/users\/1"}],"replies":[{"embeddable":true,"href":"https:\/\/pyramidcup.at\/index.php?rest_route=%2Fwp%2Fv2%2Fcomments&post=2"}],"version-history":[{"count":9,"href":"https:\/\/pyramidcup.at\/index.php?rest_route=\/wp\/v2\/pages\/2\/revisions"}],"predecessor-version":[{"id":826,"href":"https:\/\/pyramidcup.at\/index.php?rest_route=\/wp\/v2\/pages\/2\/revisions\/826"}],"wp:attachment":[{"href":"https:\/\/pyramidcup.at\/index.php?rest_route=%2Fwp%2Fv2%2Fmedia&parent=2"}],"curies":[{"name":"wp","href":"https:\/\/api.w.org\/{rel}","templated":true}]}}