{"id":44,"date":"2018-09-13T11:22:08","date_gmt":"2018-09-13T09:22:08","guid":{"rendered":"http:\/\/pyramidcup.at\/?page_id=44"},"modified":"2026-01-18T16:08:54","modified_gmt":"2026-01-18T15:08:54","slug":"abmeldung","status":"publish","type":"page","link":"https:\/\/pyramidcup.at\/?page_id=44","title":{"rendered":"Abmeldung"},"content":{"rendered":"<p><\/p>\n<h2>\u00c4nderungen<\/h2>\n<p>Sollten Sie eine \u00c4nderung Ihrer bereits erfolgten Nennung w\u00fcnschen, senden Sie bitte eine E-Mail mit dem Namen des Paares, der TAS-ID und der gew\u00fcnschten \u00c4nderung an: <a href=\"mailto:entries@pyramidcup.at\">entries@pyramidcup.at<\/a>.<\/p>\n<h2>Abmeldungen<\/h2>\n<p>Abmeldungen bitte ausschlie\u00dflich an folgende E-Mail-Adresse senden: <a href=\"mailto:entries@pyramidcup.at\">entries@pyramidcup.at<\/a><br \/>\nMails an andere als die angegebene Adresse werden nicht bearbeitet und Sie riskieren den Status \u201eNo Show\u201c \u2013 \u201eNicht entschuldigt\u201c vom WDSF-Office zu erlangen.<br \/>\nBitte geben Sie den Namen des Paares, die TAS-ID (siehe Nennungsbest\u00e4tigungs-E-mail) und den abzumeldenden Bewerb an.<\/p>\n<p>Bitte beachten Sie, dass nach Erstellung des Programmheftes ca. 1 Woche vor dem Turnier, die Startliste auf dieser Website nicht mehr aktualisiert werden kann und Ihre Nennung somit weiterhin aufscheint.<\/p>","protected":false},"excerpt":{"rendered":"<p>\u00c4nderungen Sollten Sie eine \u00c4nderung Ihrer bereits erfolgten Nennung w\u00fcnschen, senden Sie bitte eine E-Mail mit dem Namen des Paares,&hellip; <\/p>\n","protected":false},"author":2,"featured_media":0,"parent":2,"menu_order":0,"comment_status":"closed","ping_status":"closed","template":"","meta":[],"_links":{"self":[{"href":"https:\/\/pyramidcup.at\/index.php?rest_route=\/wp\/v2\/pages\/44"}],"collection":[{"href":"https:\/\/pyramidcup.at\/index.php?rest_route=\/wp\/v2\/pages"}],"about":[{"href":"https:\/\/pyramidcup.at\/index.php?rest_route=\/wp\/v2\/types\/page"}],"author":[{"embeddable":true,"href":"https:\/\/pyramidcup.at\/index.php?rest_route=\/wp\/v2\/users\/2"}],"replies":[{"embeddable":true,"href":"https:\/\/pyramidcup.at\/index.php?rest_route=%2Fwp%2Fv2%2Fcomments&post=44"}],"version-history":[{"count":11,"href":"https:\/\/pyramidcup.at\/index.php?rest_route=\/wp\/v2\/pages\/44\/revisions"}],"predecessor-version":[{"id":445,"href":"https:\/\/pyramidcup.at\/index.php?rest_route=\/wp\/v2\/pages\/44\/revisions\/445"}],"up":[{"embeddable":true,"href":"https:\/\/pyramidcup.at\/index.php?rest_route=\/wp\/v2\/pages\/2"}],"wp:attachment":[{"href":"https:\/\/pyramidcup.at\/index.php?rest_route=%2Fwp%2Fv2%2Fmedia&parent=44"}],"curies":[{"name":"wp","href":"https:\/\/api.w.org\/{rel}","templated":true}]}}