{"id":46,"date":"2018-09-13T11:22:39","date_gmt":"2018-09-13T11:22:39","guid":{"rendered":"http:\/\/pyramidcup.at\/?page_id=46"},"modified":"2025-10-26T22:37:33","modified_gmt":"2025-10-26T21:37:33","slug":"startgeld","status":"publish","type":"page","link":"https:\/\/pyramidcup.at\/?page_id=46","title":{"rendered":"Startgeld"},"content":{"rendered":"<p><\/p>\n<h2>Nennungen (bis 14.02.2026, 24:00)<\/h2>\n<p>Startgeld pro Paar<\/p>\n<p><strong>WDSF Turniere: <\/strong>70 EUR pro Bewerb und Tag<\/p>\n<p><strong>DSE Children Grand Prix:<\/strong> 40 EUR pro Bewerb pro Tag<\/p>\n<p><strong>Maximalkosten pro Tag:<\/strong> 100 EUR<\/p>\n<h2>Nachnennungen (ab 15.02.-17.02.2026 24:00)<\/h2>\n<p>140 EUR pro Bewerb eines Tages<br \/>\nMaximal 200 EUR pro Tag<\/p>\n<p>DSE Children Grand Prix: 40 EUR pro Bewerb pro Tag<\/p>\n<h2>Nachnennungen<\/h2>\n<p>Ab 18.02.2026 keine Meldung mehr m\u00f6glich \u2013 nur Vormerkung per E-Mail (<a href=\"mailto:office@pyramidcup.at\">office@pyramidcup.at<\/a>), wenn Klassen nicht voll<\/p>\n<p><strong>Bezahlung:<\/strong><br \/>\nDie Bezahlung des Startgeldes f\u00fcr alle Bewerbe muss bei der Registrierung via PayPal oder Kreditkarte (Zahlung erfolgt dabei ebenfalls \u00fcber PayPal) erfolgen. Eine Bezahlung zu einem sp\u00e4teren Zeitpunkt ist nicht m\u00f6glich. Jede <strong>Refundierung<\/strong> des Startgeldes ist ausdr\u00fccklich <strong>ausgeschlossen<\/strong>.<\/p>","protected":false},"excerpt":{"rendered":"<p>Nennungen (bis 14.02.2026, 24:00) Startgeld pro Paar WDSF Turniere: 70 EUR pro Bewerb und Tag DSE Children Grand Prix: 40&hellip; <\/p>\n","protected":false},"author":2,"featured_media":0,"parent":2,"menu_order":0,"comment_status":"closed","ping_status":"closed","template":"","meta":[],"_links":{"self":[{"href":"https:\/\/pyramidcup.at\/index.php?rest_route=\/wp\/v2\/pages\/46"}],"collection":[{"href":"https:\/\/pyramidcup.at\/index.php?rest_route=\/wp\/v2\/pages"}],"about":[{"href":"https:\/\/pyramidcup.at\/index.php?rest_route=\/wp\/v2\/types\/page"}],"author":[{"embeddable":true,"href":"https:\/\/pyramidcup.at\/index.php?rest_route=\/wp\/v2\/users\/2"}],"replies":[{"embeddable":true,"href":"https:\/\/pyramidcup.at\/index.php?rest_route=%2Fwp%2Fv2%2Fcomments&post=46"}],"version-history":[{"count":37,"href":"https:\/\/pyramidcup.at\/index.php?rest_route=\/wp\/v2\/pages\/46\/revisions"}],"predecessor-version":[{"id":1416,"href":"https:\/\/pyramidcup.at\/index.php?rest_route=\/wp\/v2\/pages\/46\/revisions\/1416"}],"up":[{"embeddable":true,"href":"https:\/\/pyramidcup.at\/index.php?rest_route=\/wp\/v2\/pages\/2"}],"wp:attachment":[{"href":"https:\/\/pyramidcup.at\/index.php?rest_route=%2Fwp%2Fv2%2Fmedia&parent=46"}],"curies":[{"name":"wp","href":"https:\/\/api.w.org\/{rel}","templated":true}]}}