{"id":54,"date":"2018-09-13T11:30:29","date_gmt":"2018-09-13T11:30:29","guid":{"rendered":"http:\/\/pyramidcup.at\/?page_id=54"},"modified":"2025-10-26T22:39:42","modified_gmt":"2025-10-26T21:39:42","slug":"anreise","status":"publish","type":"page","link":"https:\/\/pyramidcup.at\/?page_id=54","title":{"rendered":"Anreise &#038; Parken"},"content":{"rendered":"<p>Eventhotel Pyramide<br \/>\nParkallee 2<br \/>\n2334 V\u00f6sendorf<br \/>\n\u00d6sterreich<\/p>\n<h2>Auto<\/h2>\n<ul>\n<li>Westautobahn (A1) \u2013 A21 &#8211; Ausfahrt 36 (SCS\/Brunn am Gebirge)<\/li>\n<li>S\u00fcdautobahn (A2) \u2013 Ausfahrt 7 (SCS\/M\u00f6dling) &#8211; B17 Richtung Wien<\/li>\n<li>Ostautobahn (A4) \u2013 A23 &#8211; A2 &#8211; Ausfahrt 7 (SCS\/M\u00f6dling) &#8211; B17 Richtung Wien<\/li>\n<li>Donauuferautobahn (A22) \u2013 A23 &#8211; A2 &#8211; Ausfahrt 7 (SCS\/M\u00f6dling) &#8211; B17 Richtung Wien<\/li>\n<\/ul>\n<h3>Parken<\/h3>\n<p>Es stehen Ihnen geb\u00fchrenpflichtige Parkpl\u00e4tze vor dem Hotel zur Verf\u00fcgung.<\/p>\n<h2>\u00d6ffentliche Verkehrsmittel<\/h2>\n<ul>\n<li>Badner Bahn h\u00e4lt direkt vor dem Hotel (Station V\u00f6sendorf SCS)<\/li>\n<li>Bus Nr. 207 von Siebenhirten (Station V\u00f6sendorf SCS Hotel Pyramide)<\/li>\n<li>Bus Nr. 265 vom S\u00fcdtirolerplatz (Station SCS Hotel Pyramide)<\/li>\n<\/ul>\n<h3>Vom Flughafen<\/h3>\n<p>Vom Flughafen per S-Bahn nach Wien Meidling und dann mit der Badner Bahn zur Station V\u00f6sendorf SCS direkt vor die Pyramide.<\/p>","protected":false},"excerpt":{"rendered":"<p>Eventhotel Pyramide Parkallee 2 2334 V\u00f6sendorf \u00d6sterreich Auto Westautobahn (A1) \u2013 A21 &#8211; Ausfahrt 36 (SCS\/Brunn am Gebirge) S\u00fcdautobahn (A2)&hellip; <\/p>\n","protected":false},"author":2,"featured_media":0,"parent":0,"menu_order":0,"comment_status":"closed","ping_status":"closed","template":"","meta":[],"_links":{"self":[{"href":"https:\/\/pyramidcup.at\/index.php?rest_route=\/wp\/v2\/pages\/54"}],"collection":[{"href":"https:\/\/pyramidcup.at\/index.php?rest_route=\/wp\/v2\/pages"}],"about":[{"href":"https:\/\/pyramidcup.at\/index.php?rest_route=\/wp\/v2\/types\/page"}],"author":[{"embeddable":true,"href":"https:\/\/pyramidcup.at\/index.php?rest_route=\/wp\/v2\/users\/2"}],"replies":[{"embeddable":true,"href":"https:\/\/pyramidcup.at\/index.php?rest_route=%2Fwp%2Fv2%2Fcomments&post=54"}],"version-history":[{"count":18,"href":"https:\/\/pyramidcup.at\/index.php?rest_route=\/wp\/v2\/pages\/54\/revisions"}],"predecessor-version":[{"id":1418,"href":"https:\/\/pyramidcup.at\/index.php?rest_route=\/wp\/v2\/pages\/54\/revisions\/1418"}],"wp:attachment":[{"href":"https:\/\/pyramidcup.at\/index.php?rest_route=%2Fwp%2Fv2%2Fmedia&parent=54"}],"curies":[{"name":"wp","href":"https:\/\/api.w.org\/{rel}","templated":true}]}}